{"id":57,"date":"2025-07-17T13:51:47","date_gmt":"2025-07-17T11:51:47","guid":{"rendered":"https:\/\/lachaizepassioncommune.fr\/?page_id=57"},"modified":"2025-09-22T12:48:04","modified_gmt":"2025-09-22T10:48:04","slug":"lettre-ouverte-aurelien-douillard","status":"publish","type":"page","link":"https:\/\/lachaizepassioncommune.fr\/index.php\/lettre-ouverte-aurelien-douillard\/","title":{"rendered":"La Chaize-le-Vicomte, Passion commune"},"content":{"rendered":"\n<p><\/p>\n\n\n\n<div data-wp-interactive=\"core\/file\" class=\"wp-block-file\"><object data-wp-bind--hidden=\"!state.hasPdfPreview\" hidden class=\"wp-block-file__embed\" data=\"https:\/\/lachaizepassioncommune.fr\/wp-content\/uploads\/2025\/09\/DOUILLARD_AURELIEN_LETTRE_190825.pdf\" type=\"application\/pdf\" style=\"width:100%;height:1200px\" aria-label=\"Contenu embarqu\u00e9 DOUILLARD_AURELIEN_LETTRE_190825.\"><\/object><a id=\"wp-block-file--media-165b866f-150a-4332-a114-b0c8af9fb9dc\" href=\"https:\/\/lachaizepassioncommune.fr\/wp-content\/uploads\/2025\/09\/DOUILLARD_AURELIEN_LETTRE_190825.pdf\">DOUILLARD_AURELIEN_LETTRE_190825<\/a><a href=\"https:\/\/lachaizepassioncommune.fr\/wp-content\/uploads\/2025\/09\/DOUILLARD_AURELIEN_LETTRE_190825.pdf\" class=\"wp-block-file__button wp-element-button\" download aria-describedby=\"wp-block-file--media-165b866f-150a-4332-a114-b0c8af9fb9dc\">T\u00e9l\u00e9charger<\/a><\/div>\n","protected":false},"excerpt":{"rendered":"","protected":false},"author":1,"featured_media":51,"parent":0,"menu_order":0,"comment_status":"closed","ping_status":"closed","template":"","meta":{"_et_pb_use_builder":"","_et_pb_old_content":"","_et_gb_content_width":"","cybocfi_hide_featured_image":"yes","footnotes":""},"class_list":["post-57","page","type-page","status-publish","has-post-thumbnail","hentry"],"yoast_head":"<!-- This site is optimized with the Yoast SEO plugin v27.1.1 - https:\/\/yoast.com\/product\/yoast-seo-wordpress\/ -->\n<title>La Chaize-le-Vicomte, Passion commune - La Chaize - Passion Commune<\/title>\n<meta name=\"description\" content=\"D\u00e9couvrez la lettre ouverte de Aur\u00e9lien DOUILLARD, t\u00eate de liste pour les municipales 2026.\" \/>\n<meta name=\"robots\" content=\"index, follow, max-snippet:-1, max-image-preview:large, max-video-preview:-1\" \/>\n<link rel=\"canonical\" href=\"https:\/\/lachaizepassioncommune.fr\/index.php\/lettre-ouverte-aurelien-douillard\/\" \/>\n<meta property=\"og:locale\" content=\"fr_FR\" \/>\n<meta property=\"og:type\" content=\"article\" \/>\n<meta property=\"og:title\" content=\"La Chaize-le-Vicomte, Passion commune - La Chaize - Passion Commune\" \/>\n<meta property=\"og:description\" content=\"D\u00e9couvrez la lettre ouverte de Aur\u00e9lien DOUILLARD, t\u00eate de liste pour les municipales 2026.\" \/>\n<meta property=\"og:url\" content=\"https:\/\/lachaizepassioncommune.fr\/index.php\/lettre-ouverte-aurelien-douillard\/\" \/>\n<meta property=\"og:site_name\" content=\"La Chaize - Passion Commune\" \/>\n<meta property=\"article:modified_time\" content=\"2025-09-22T10:48:04+00:00\" \/>\n<meta property=\"og:image\" content=\"http:\/\/lachaizepassioncommune.fr\/wp-content\/uploads\/2025\/07\/2025-07-16-13_33_55-la-chaize-le-vicomte-vue-du-ciel-Recherche-Google-1024x576.png\" \/>\n\t<meta property=\"og:image:width\" content=\"1024\" \/>\n\t<meta property=\"og:image:height\" content=\"576\" \/>\n\t<meta property=\"og:image:type\" content=\"image\/png\" \/>\n<meta name=\"twitter:card\" content=\"summary_large_image\" \/>\n<script type=\"application\/ld+json\" class=\"yoast-schema-graph\">{\"@context\":\"https:\/\/schema.org\",\"@graph\":[{\"@type\":\"WebPage\",\"@id\":\"https:\/\/lachaizepassioncommune.fr\/index.php\/lettre-ouverte-aurelien-douillard\/\",\"url\":\"https:\/\/lachaizepassioncommune.fr\/index.php\/lettre-ouverte-aurelien-douillard\/\",\"name\":\"La Chaize-le-Vicomte, Passion commune - La Chaize - Passion Commune\",\"isPartOf\":{\"@id\":\"https:\/\/lachaizepassioncommune.fr\/#website\"},\"primaryImageOfPage\":{\"@id\":\"https:\/\/lachaizepassioncommune.fr\/index.php\/lettre-ouverte-aurelien-douillard\/#primaryimage\"},\"image\":{\"@id\":\"https:\/\/lachaizepassioncommune.fr\/index.php\/lettre-ouverte-aurelien-douillard\/#primaryimage\"},\"thumbnailUrl\":\"https:\/\/lachaizepassioncommune.fr\/wp-content\/uploads\/2025\/07\/2025-07-16-13_33_55-la-chaize-le-vicomte-vue-du-ciel-Recherche-Google.png\",\"datePublished\":\"2025-07-17T11:51:47+00:00\",\"dateModified\":\"2025-09-22T10:48:04+00:00\",\"description\":\"D\u00e9couvrez la lettre ouverte de Aur\u00e9lien DOUILLARD, t\u00eate de liste pour les municipales 2026.\",\"breadcrumb\":{\"@id\":\"https:\/\/lachaizepassioncommune.fr\/index.php\/lettre-ouverte-aurelien-douillard\/#breadcrumb\"},\"inLanguage\":\"fr-FR\",\"potentialAction\":[{\"@type\":\"ReadAction\",\"target\":[\"https:\/\/lachaizepassioncommune.fr\/index.php\/lettre-ouverte-aurelien-douillard\/\"]}]},{\"@type\":\"BreadcrumbList\",\"@id\":\"https:\/\/lachaizepassioncommune.fr\/index.php\/lettre-ouverte-aurelien-douillard\/#breadcrumb\",\"itemListElement\":[{\"@type\":\"ListItem\",\"position\":1,\"name\":\"Accueil\",\"item\":\"https:\/\/lachaizepassioncommune.fr\/\"},{\"@type\":\"ListItem\",\"position\":2,\"name\":\"La Chaize-le-Vicomte, Passion commune\"}]},{\"@type\":\"WebSite\",\"@id\":\"https:\/\/lachaizepassioncommune.fr\/#website\",\"url\":\"https:\/\/lachaizepassioncommune.fr\/\",\"name\":\"La Chaize, Passion commune\",\"description\":\"\u00c9lections municipales - 15\u00a0mars\u00a02026\",\"publisher\":{\"@id\":\"https:\/\/lachaizepassioncommune.fr\/#organization\"},\"potentialAction\":[{\"@type\":\"SearchAction\",\"target\":{\"@type\":\"EntryPoint\",\"urlTemplate\":\"https:\/\/lachaizepassioncommune.fr\/?s={search_term_string}\"},\"query-input\":{\"@type\":\"PropertyValueSpecification\",\"valueRequired\":true,\"valueName\":\"search_term_string\"}}],\"inLanguage\":\"fr-FR\"},{\"@type\":\"Organization\",\"@id\":\"https:\/\/lachaizepassioncommune.fr\/#organization\",\"name\":\"La Chaize, Passion commune\",\"url\":\"https:\/\/lachaizepassioncommune.fr\/\",\"logo\":{\"@type\":\"ImageObject\",\"inLanguage\":\"fr-FR\",\"@id\":\"https:\/\/lachaizepassioncommune.fr\/#\/schema\/logo\/image\/\",\"url\":\"https:\/\/lachaizepassioncommune.fr\/wp-content\/uploads\/2025\/09\/LaChaizePassionCommune-Logo-web.png\",\"contentUrl\":\"https:\/\/lachaizepassioncommune.fr\/wp-content\/uploads\/2025\/09\/LaChaizePassionCommune-Logo-web.png\",\"width\":240,\"height\":120,\"caption\":\"La Chaize, Passion commune\"},\"image\":{\"@id\":\"https:\/\/lachaizepassioncommune.fr\/#\/schema\/logo\/image\/\"}}]}<\/script>\n<!-- \/ Yoast SEO plugin. -->","yoast_head_json":{"title":"La Chaize-le-Vicomte, Passion commune - La Chaize - Passion Commune","description":"D\u00e9couvrez la lettre ouverte de Aur\u00e9lien DOUILLARD, t\u00eate de liste pour les municipales 2026.","robots":{"index":"index","follow":"follow","max-snippet":"max-snippet:-1","max-image-preview":"max-image-preview:large","max-video-preview":"max-video-preview:-1"},"canonical":"https:\/\/lachaizepassioncommune.fr\/index.php\/lettre-ouverte-aurelien-douillard\/","og_locale":"fr_FR","og_type":"article","og_title":"La Chaize-le-Vicomte, Passion commune - La Chaize - Passion Commune","og_description":"D\u00e9couvrez la lettre ouverte de Aur\u00e9lien DOUILLARD, t\u00eate de liste pour les municipales 2026.","og_url":"https:\/\/lachaizepassioncommune.fr\/index.php\/lettre-ouverte-aurelien-douillard\/","og_site_name":"La Chaize - Passion Commune","article_modified_time":"2025-09-22T10:48:04+00:00","og_image":[{"width":1024,"height":576,"url":"http:\/\/lachaizepassioncommune.fr\/wp-content\/uploads\/2025\/07\/2025-07-16-13_33_55-la-chaize-le-vicomte-vue-du-ciel-Recherche-Google-1024x576.png","type":"image\/png"}],"twitter_card":"summary_large_image","schema":{"@context":"https:\/\/schema.org","@graph":[{"@type":"WebPage","@id":"https:\/\/lachaizepassioncommune.fr\/index.php\/lettre-ouverte-aurelien-douillard\/","url":"https:\/\/lachaizepassioncommune.fr\/index.php\/lettre-ouverte-aurelien-douillard\/","name":"La Chaize-le-Vicomte, Passion commune - La Chaize - Passion Commune","isPartOf":{"@id":"https:\/\/lachaizepassioncommune.fr\/#website"},"primaryImageOfPage":{"@id":"https:\/\/lachaizepassioncommune.fr\/index.php\/lettre-ouverte-aurelien-douillard\/#primaryimage"},"image":{"@id":"https:\/\/lachaizepassioncommune.fr\/index.php\/lettre-ouverte-aurelien-douillard\/#primaryimage"},"thumbnailUrl":"https:\/\/lachaizepassioncommune.fr\/wp-content\/uploads\/2025\/07\/2025-07-16-13_33_55-la-chaize-le-vicomte-vue-du-ciel-Recherche-Google.png","datePublished":"2025-07-17T11:51:47+00:00","dateModified":"2025-09-22T10:48:04+00:00","description":"D\u00e9couvrez la lettre ouverte de Aur\u00e9lien DOUILLARD, t\u00eate de liste pour les municipales 2026.","breadcrumb":{"@id":"https:\/\/lachaizepassioncommune.fr\/index.php\/lettre-ouverte-aurelien-douillard\/#breadcrumb"},"inLanguage":"fr-FR","potentialAction":[{"@type":"ReadAction","target":["https:\/\/lachaizepassioncommune.fr\/index.php\/lettre-ouverte-aurelien-douillard\/"]}]},{"@type":"BreadcrumbList","@id":"https:\/\/lachaizepassioncommune.fr\/index.php\/lettre-ouverte-aurelien-douillard\/#breadcrumb","itemListElement":[{"@type":"ListItem","position":1,"name":"Accueil","item":"https:\/\/lachaizepassioncommune.fr\/"},{"@type":"ListItem","position":2,"name":"La Chaize-le-Vicomte, Passion commune"}]},{"@type":"WebSite","@id":"https:\/\/lachaizepassioncommune.fr\/#website","url":"https:\/\/lachaizepassioncommune.fr\/","name":"La Chaize, Passion commune","description":"\u00c9lections municipales - 15\u00a0mars\u00a02026","publisher":{"@id":"https:\/\/lachaizepassioncommune.fr\/#organization"},"potentialAction":[{"@type":"SearchAction","target":{"@type":"EntryPoint","urlTemplate":"https:\/\/lachaizepassioncommune.fr\/?s={search_term_string}"},"query-input":{"@type":"PropertyValueSpecification","valueRequired":true,"valueName":"search_term_string"}}],"inLanguage":"fr-FR"},{"@type":"Organization","@id":"https:\/\/lachaizepassioncommune.fr\/#organization","name":"La Chaize, Passion commune","url":"https:\/\/lachaizepassioncommune.fr\/","logo":{"@type":"ImageObject","inLanguage":"fr-FR","@id":"https:\/\/lachaizepassioncommune.fr\/#\/schema\/logo\/image\/","url":"https:\/\/lachaizepassioncommune.fr\/wp-content\/uploads\/2025\/09\/LaChaizePassionCommune-Logo-web.png","contentUrl":"https:\/\/lachaizepassioncommune.fr\/wp-content\/uploads\/2025\/09\/LaChaizePassionCommune-Logo-web.png","width":240,"height":120,"caption":"La Chaize, Passion commune"},"image":{"@id":"https:\/\/lachaizepassioncommune.fr\/#\/schema\/logo\/image\/"}}]}},"_links":{"self":[{"href":"https:\/\/lachaizepassioncommune.fr\/index.php\/wp-json\/wp\/v2\/pages\/57","targetHints":{"allow":["GET"]}}],"collection":[{"href":"https:\/\/lachaizepassioncommune.fr\/index.php\/wp-json\/wp\/v2\/pages"}],"about":[{"href":"https:\/\/lachaizepassioncommune.fr\/index.php\/wp-json\/wp\/v2\/types\/page"}],"author":[{"embeddable":true,"href":"https:\/\/lachaizepassioncommune.fr\/index.php\/wp-json\/wp\/v2\/users\/1"}],"replies":[{"embeddable":true,"href":"https:\/\/lachaizepassioncommune.fr\/index.php\/wp-json\/wp\/v2\/comments?post=57"}],"version-history":[{"count":14,"href":"https:\/\/lachaizepassioncommune.fr\/index.php\/wp-json\/wp\/v2\/pages\/57\/revisions"}],"predecessor-version":[{"id":433,"href":"https:\/\/lachaizepassioncommune.fr\/index.php\/wp-json\/wp\/v2\/pages\/57\/revisions\/433"}],"wp:featuredmedia":[{"embeddable":true,"href":"https:\/\/lachaizepassioncommune.fr\/index.php\/wp-json\/wp\/v2\/media\/51"}],"wp:attachment":[{"href":"https:\/\/lachaizepassioncommune.fr\/index.php\/wp-json\/wp\/v2\/media?parent=57"}],"curies":[{"name":"wp","href":"https:\/\/api.w.org\/{rel}","templated":true}]}}