{"id":311,"date":"2025-07-29T13:26:29","date_gmt":"2025-07-29T11:26:29","guid":{"rendered":"https:\/\/lachaizepassioncommune.fr\/?page_id=311"},"modified":"2025-09-07T13:09:16","modified_gmt":"2025-09-07T11:09:16","slug":"venez-a-notre-rencontre","status":"publish","type":"page","link":"https:\/\/lachaizepassioncommune.fr\/index.php\/venez-a-notre-rencontre\/","title":{"rendered":"Venez \u00e0 notre rencontre"},"content":{"rendered":"\n<p>lors de nos rendez-vous caf\u00e9 campagne<\/p>\n\n\n\n<div class=\"wp-block-group is-content-justification-space-between is-nowrap is-layout-flex wp-container-core-group-is-layout-0dfbf163 wp-block-group-is-layout-flex\">\n<div  class=\"tribe-compatibility-container\" >\n\t<div\n\t\t class=\"tribe-common tribe-events tribe-events-view tribe-events-view--widget-events-list tribe-events-widget\" \t\tdata-js=\"tribe-events-view\"\n\t\tdata-view-rest-url=\"https:\/\/lachaizepassioncommune.fr\/index.php\/wp-json\/tribe\/views\/v2\/html\"\n\t\tdata-view-manage-url=\"1\"\n\t\t\t\t\t\t\tdata-view-breakpoint-pointer=\"a5fd0160-3ba7-4292-a955-a63920dc974e\"\n\t\t\t>\n\t\t<div class=\"tribe-events-widget-events-list\">\n\n\t\t\t\n\t\t\t<script data-js=\"tribe-events-view-data\" type=\"application\/json\">\n\t{\"slug\":\"widget-events-list\",\"prev_url\":\"\",\"next_url\":\"\",\"view_class\":\"Tribe\\\\Events\\\\Views\\\\V2\\\\Views\\\\Widgets\\\\Widget_List_View\",\"view_slug\":\"widget-events-list\",\"view_label\":\"View\",\"view\":null,\"should_manage_url\":true,\"id\":null,\"alias-slugs\":null,\"title\":\"Prochains \\u00c9v\\u00e8nements \\u2013 La Chaize \\u2013 Passion Commune\",\"limit\":\"10\",\"no_upcoming_events\":false,\"featured_events_only\":false,\"jsonld_enable\":true,\"tribe_is_list_widget\":false,\"admin_fields\":{\"title\":{\"label\":\"Titre\\u00a0:\",\"type\":\"text\",\"parent_classes\":\"\",\"classes\":\"\",\"dependency\":\"\",\"id\":\"widget-tribe-widget-events-list--1-title\",\"name\":\"widget-tribe-widget-events-list[-1][title]\",\"options\":[],\"placeholder\":\"\",\"value\":null},\"limit\":{\"label\":\"Afficher\\u00a0:\",\"type\":\"number\",\"default\":5,\"min\":1,\"max\":10,\"step\":1,\"parent_classes\":\"\",\"classes\":\"\",\"dependency\":\"\",\"id\":\"widget-tribe-widget-events-list--1-limit\",\"name\":\"widget-tribe-widget-events-list[-1][limit]\",\"options\":[],\"placeholder\":\"\",\"value\":null},\"no_upcoming_events\":{\"label\":\"Cacher ce widget s\\u2019il n\\u2019y a pas d\\u2019\\u00e9v\\u00e8nements \\u00e0 venir.\",\"type\":\"checkbox\",\"parent_classes\":\"\",\"classes\":\"\",\"dependency\":\"\",\"id\":\"widget-tribe-widget-events-list--1-no_upcoming_events\",\"name\":\"widget-tribe-widget-events-list[-1][no_upcoming_events]\",\"options\":[],\"placeholder\":\"\",\"value\":null},\"featured_events_only\":{\"label\":\"Limiter uniquement pour les \\u00e9v\\u00e8nements mis en avant\",\"type\":\"checkbox\",\"parent_classes\":\"\",\"classes\":\"\",\"dependency\":\"\",\"id\":\"widget-tribe-widget-events-list--1-featured_events_only\",\"name\":\"widget-tribe-widget-events-list[-1][featured_events_only]\",\"options\":[],\"placeholder\":\"\",\"value\":null},\"jsonld_enable\":{\"label\":\"G\\u00e9n\\u00e9rer les donn\\u00e9es JSON-LD\",\"type\":\"checkbox\",\"parent_classes\":\"\",\"classes\":\"\",\"dependency\":\"\",\"id\":\"widget-tribe-widget-events-list--1-jsonld_enable\",\"name\":\"widget-tribe-widget-events-list[-1][jsonld_enable]\",\"options\":[],\"placeholder\":\"\",\"value\":null}},\"events\":[],\"url\":\"https:\\\/\\\/lachaizepassioncommune.fr\\\/?post_type=tribe_events&eventDisplay=widget-events-list\",\"url_event_date\":false,\"bar\":{\"keyword\":\"\",\"date\":\"\"},\"today\":\"2026-04-07 00:00:00\",\"now\":\"2026-04-07 17:42:12\",\"home_url\":\"https:\\\/\\\/lachaizepassioncommune.fr\",\"rest_url\":\"https:\\\/\\\/lachaizepassioncommune.fr\\\/index.php\\\/wp-json\\\/tribe\\\/views\\\/v2\\\/html\",\"rest_method\":\"GET\",\"rest_nonce\":\"\",\"today_url\":\"https:\\\/\\\/lachaizepassioncommune.fr\\\/?post_type=tribe_events&eventDisplay=widget-events-list&rest_route=%2Fwp%2Fv2%2Fpages%2F311\",\"today_title\":\"Cliquer pour s\\u00e9lectionner la date du jour\",\"today_label\":\"Aujourd\\u2019hui\",\"prev_label\":\"\",\"next_label\":\"\",\"date_formats\":{\"compact\":\"m\\\/d\\\/Y\",\"month_and_year_compact\":\"m\\\/Y\",\"month_and_year\":\"F Y\",\"time_range_separator\":\" - \",\"date_time_separator\":\"  \\u00e0 \"},\"messages\":{\"notice\":[\"Il n\\u2019y a pas d\\u2019\\u00e9v\\u00e8nements \\u00e0 venir.\"]},\"start_of_week\":\"1\",\"header_title\":\"\",\"header_title_element\":\"h1\",\"content_title\":\"\",\"show_content_title\":false,\"breadcrumbs\":[],\"backlink\":false,\"before_events\":\"\",\"after_events\":\"\\n<!--\\nThis calendar is powered by The Events Calendar.\\nhttp:\\\/\\\/evnt.is\\\/18wn\\n-->\\n\",\"display_events_bar\":false,\"disable_event_search\":false,\"live_refresh\":true,\"ical\":{\"display_link\":true,\"link\":{\"url\":\"https:\\\/\\\/lachaizepassioncommune.fr\\\/?post_type=tribe_events&#038;eventDisplay=widget-events-list&#038;ical=1\",\"text\":\"Exporter \\u00c9v\\u00e8nements\",\"title\":\"Utilisez ceci pour partager les donn\\u00e9es de calendrier avec Google Calendar, Apple iCal et d\\u2019autres applications compatibles\"}},\"container_classes\":[\"tribe-common\",\"tribe-events\",\"tribe-events-view\",\"tribe-events-view--widget-events-list\",\"tribe-events-widget\"],\"container_data\":[],\"is_past\":false,\"breakpoints\":{\"xsmall\":500,\"medium\":768,\"full\":960},\"breakpoint_pointer\":\"a5fd0160-3ba7-4292-a955-a63920dc974e\",\"is_initial_load\":false,\"public_views\":{\"list\":{\"view_class\":\"Tribe\\\\Events\\\\Views\\\\V2\\\\Views\\\\List_View\",\"view_url\":\"https:\\\/\\\/lachaizepassioncommune.fr\\\/events\\\/liste\\\/\",\"view_label\":\"Liste\",\"aria_label\":\"Display \\u00c9v\\u00e8nements in Liste View\"},\"month\":{\"view_class\":\"Tribe\\\\Events\\\\Views\\\\V2\\\\Views\\\\Month_View\",\"view_url\":\"https:\\\/\\\/lachaizepassioncommune.fr\\\/events\\\/mois\\\/\",\"view_label\":\"Mois\",\"aria_label\":\"Display \\u00c9v\\u00e8nements in Mois View\"},\"day\":{\"view_class\":\"Tribe\\\\Events\\\\Views\\\\V2\\\\Views\\\\Day_View\",\"view_url\":\"https:\\\/\\\/lachaizepassioncommune.fr\\\/events\\\/aujourdhui\\\/\",\"view_label\":\"Jour\",\"aria_label\":\"Display \\u00c9v\\u00e8nements in Jour View\"}},\"show_latest_past\":false,\"past\":false,\"compatibility_classes\":[\"tribe-compatibility-container\"],\"view_more_text\":\"Voir le calendrier\",\"view_more_title\":\"Voir plus d\\u2019\\u00e9v\\u00e8nements.\",\"view_more_link\":\"https:\\\/\\\/lachaizepassioncommune.fr\\\/events\\\/\",\"widget_title\":\"\\u00c9v\\u00e8nements \\u00e0 venir\",\"hide_if_no_upcoming_events\":false,\"display\":[],\"subscribe_links\":{\"gcal\":{\"label\":\"Google Agenda\",\"single_label\":\"Ajouter \\u00e0 Google Agenda\",\"visible\":true,\"block_slug\":\"hasGoogleCalendar\"},\"ical\":{\"label\":\"iCalendar\",\"single_label\":\"Ajouter \\u00e0 iCalendar\",\"visible\":true,\"block_slug\":\"hasiCal\"},\"outlook-365\":{\"label\":\"Outlook 365\",\"single_label\":\"Outlook 365\",\"visible\":true,\"block_slug\":\"hasOutlook365\"},\"outlook-live\":{\"label\":\"Outlook Live\",\"single_label\":\"Outlook Live\",\"visible\":true,\"block_slug\":\"hasOutlookLive\"},\"ics\":{\"label\":\"Exporter le fichier .ics\",\"single_label\":\"Exporter le fichier .ics\",\"visible\":true,\"block_slug\":null},\"outlook-ics\":{\"label\":\"Exporter le fichier Outlook .ics\",\"single_label\":\"Exporter le fichier Outlook .ics\",\"visible\":true,\"block_slug\":null}},\"_context\":{\"slug\":\"widget-events-list\"}}<\/script>\n\n\t\t\t\t\t\t\t<header class=\"tribe-events-widget-events-list__header\">\n\t\t\t\t\t<h2 class=\"tribe-events-widget-events-list__header-title tribe-common-h6 tribe-common-h--alt\">\n\t\t\t\t\t\t\u00c9v\u00e8nements \u00e0 venir\t\t\t\t\t<\/h2>\n\t\t\t\t<\/header>\n\t\t\t\n\t\t\t\n\t\t\t\t<div  class=\"tribe-events-header__messages tribe-events-c-messages tribe-common-b2\"  >\n\t\t\t<div class=\"tribe-events-c-messages__message tribe-events-c-messages__message--notice\" tabindex=\"0\" role=\"alert\" aria-live=\"assertive\">\n\t\t\t<svg\n\t class=\"tribe-common-c-svgicon tribe-common-c-svgicon--messages-not-found tribe-events-c-messages__message-icon-svg\" \taria-hidden=\"true\"\n\tviewBox=\"0 0 21 23\"\n\txmlns=\"http:\/\/www.w3.org\/2000\/svg\"\n>\n\t<g fill-rule=\"evenodd\">\n\t\t<path d=\"M.5 2.5h20v20H.5z\"\/>\n\t\t<path stroke-linecap=\"round\" d=\"M7.583 11.583l5.834 5.834m0-5.834l-5.834 5.834\" class=\"tribe-common-c-svgicon__svg-stroke\"\/>\n\t\t<path stroke-linecap=\"round\" d=\"M4.5.5v4m12-4v4\"\/>\n\t\t<path stroke-linecap=\"square\" d=\"M.5 7.5h20\"\/>\n\t<\/g>\n<\/svg>\n<span class=\"tribe-common-a11y-visual-hide\">\n\tNotice<\/span>\n\t\t\t\t\t\t\t<div\n\t\t\t\t\t data-key=\"0\" >\n\t\t\t\t\tIl n\u2019y a pas d\u2019\u00e9v\u00e8nements \u00e0 venir.\t\t\t\t<\/div>\n\t\t\t\t\t<\/div>\n\t<\/div>\n\n\t\t\t\t\t<\/div>\n\t<\/div>\n<\/div>\n<script data-js='tribe-events-view-nonce-data' type='application\/json'>{\"tvn1\":\"5b0107fc1d\",\"tvn2\":\"\"}<\/script>\n\n\n\n<figure class=\"wp-block-image size-full\"><img loading=\"lazy\" decoding=\"async\" width=\"940\" height=\"788\" src=\"https:\/\/lachaizepassioncommune.fr\/wp-content\/uploads\/2025\/09\/Global-Plan.png\" alt=\"\" class=\"wp-image-385\" srcset=\"https:\/\/lachaizepassioncommune.fr\/wp-content\/uploads\/2025\/09\/Global-Plan.png 940w, https:\/\/lachaizepassioncommune.fr\/wp-content\/uploads\/2025\/09\/Global-Plan-300x251.png 300w, https:\/\/lachaizepassioncommune.fr\/wp-content\/uploads\/2025\/09\/Global-Plan-768x644.png 768w\" sizes=\"(max-width: 940px) 100vw, 940px\" \/><\/figure>\n<\/div>\n","protected":false},"excerpt":{"rendered":"<p>lors de nos rendez-vous caf\u00e9 campagne<\/p>\n","protected":false},"author":1,"featured_media":383,"parent":0,"menu_order":0,"comment_status":"closed","ping_status":"closed","template":"","meta":{"_et_pb_use_builder":"","_et_pb_old_content":"","_et_gb_content_width":"","cybocfi_hide_featured_image":"yes","footnotes":""},"class_list":["post-311","page","type-page","status-publish","has-post-thumbnail","hentry"],"yoast_head":"<!-- This site is optimized with the Yoast SEO plugin v27.1.1 - https:\/\/yoast.com\/product\/yoast-seo-wordpress\/ -->\n<title>Venez \u00e0 notre rencontre - La Chaize - Passion Commune<\/title>\n<meta name=\"description\" content=\"Venez \u00e0 notre rencontre lors des caf\u00e9 campagne ! Nous nous d\u00e9pla\u00e7ons dans chaque quartier de notre belle commune de La Chaize-le-Vicomte !\" \/>\n<meta name=\"robots\" content=\"index, follow, max-snippet:-1, max-image-preview:large, max-video-preview:-1\" \/>\n<link rel=\"canonical\" href=\"https:\/\/lachaizepassioncommune.fr\/index.php\/venez-a-notre-rencontre\/\" \/>\n<meta property=\"og:locale\" content=\"fr_FR\" \/>\n<meta property=\"og:type\" content=\"article\" \/>\n<meta property=\"og:title\" content=\"Venez \u00e0 notre rencontre - La Chaize - Passion Commune\" \/>\n<meta property=\"og:description\" content=\"Venez \u00e0 notre rencontre lors des caf\u00e9 campagne ! Nous nous d\u00e9pla\u00e7ons dans chaque quartier de notre belle commune de La Chaize-le-Vicomte !\" \/>\n<meta property=\"og:url\" content=\"https:\/\/lachaizepassioncommune.fr\/index.php\/venez-a-notre-rencontre\/\" \/>\n<meta property=\"og:site_name\" content=\"La Chaize - Passion Commune\" \/>\n<meta property=\"article:modified_time\" content=\"2025-09-07T11:09:16+00:00\" \/>\n<meta property=\"og:image\" content=\"http:\/\/lachaizepassioncommune.fr\/wp-content\/uploads\/2025\/09\/slider-web-lachaizepassioncommune.png\" \/>\n\t<meta property=\"og:image:width\" content=\"1500\" \/>\n\t<meta property=\"og:image:height\" content=\"800\" \/>\n\t<meta property=\"og:image:type\" content=\"image\/png\" \/>\n<meta name=\"twitter:card\" content=\"summary_large_image\" \/>\n<script type=\"application\/ld+json\" class=\"yoast-schema-graph\">{\"@context\":\"https:\/\/schema.org\",\"@graph\":[{\"@type\":\"WebPage\",\"@id\":\"https:\/\/lachaizepassioncommune.fr\/index.php\/venez-a-notre-rencontre\/\",\"url\":\"https:\/\/lachaizepassioncommune.fr\/index.php\/venez-a-notre-rencontre\/\",\"name\":\"Venez \u00e0 notre rencontre - La Chaize - Passion Commune\",\"isPartOf\":{\"@id\":\"https:\/\/lachaizepassioncommune.fr\/#website\"},\"primaryImageOfPage\":{\"@id\":\"https:\/\/lachaizepassioncommune.fr\/index.php\/venez-a-notre-rencontre\/#primaryimage\"},\"image\":{\"@id\":\"https:\/\/lachaizepassioncommune.fr\/index.php\/venez-a-notre-rencontre\/#primaryimage\"},\"thumbnailUrl\":\"https:\/\/lachaizepassioncommune.fr\/wp-content\/uploads\/2025\/09\/slider-web-lachaizepassioncommune.png\",\"datePublished\":\"2025-07-29T11:26:29+00:00\",\"dateModified\":\"2025-09-07T11:09:16+00:00\",\"description\":\"Venez \u00e0 notre rencontre lors des caf\u00e9 campagne ! Nous nous d\u00e9pla\u00e7ons dans chaque quartier de notre belle commune de La Chaize-le-Vicomte !\",\"breadcrumb\":{\"@id\":\"https:\/\/lachaizepassioncommune.fr\/index.php\/venez-a-notre-rencontre\/#breadcrumb\"},\"inLanguage\":\"fr-FR\",\"potentialAction\":[{\"@type\":\"ReadAction\",\"target\":[\"https:\/\/lachaizepassioncommune.fr\/index.php\/venez-a-notre-rencontre\/\"]}]},{\"@type\":\"BreadcrumbList\",\"@id\":\"https:\/\/lachaizepassioncommune.fr\/index.php\/venez-a-notre-rencontre\/#breadcrumb\",\"itemListElement\":[{\"@type\":\"ListItem\",\"position\":1,\"name\":\"Accueil\",\"item\":\"https:\/\/lachaizepassioncommune.fr\/\"},{\"@type\":\"ListItem\",\"position\":2,\"name\":\"Venez \u00e0 notre rencontre\"}]},{\"@type\":\"WebSite\",\"@id\":\"https:\/\/lachaizepassioncommune.fr\/#website\",\"url\":\"https:\/\/lachaizepassioncommune.fr\/\",\"name\":\"La Chaize, Passion commune\",\"description\":\"\u00c9lections municipales - 15\u00a0mars\u00a02026\",\"publisher\":{\"@id\":\"https:\/\/lachaizepassioncommune.fr\/#organization\"},\"potentialAction\":[{\"@type\":\"SearchAction\",\"target\":{\"@type\":\"EntryPoint\",\"urlTemplate\":\"https:\/\/lachaizepassioncommune.fr\/?s={search_term_string}\"},\"query-input\":{\"@type\":\"PropertyValueSpecification\",\"valueRequired\":true,\"valueName\":\"search_term_string\"}}],\"inLanguage\":\"fr-FR\"},{\"@type\":\"Organization\",\"@id\":\"https:\/\/lachaizepassioncommune.fr\/#organization\",\"name\":\"La Chaize, Passion commune\",\"url\":\"https:\/\/lachaizepassioncommune.fr\/\",\"logo\":{\"@type\":\"ImageObject\",\"inLanguage\":\"fr-FR\",\"@id\":\"https:\/\/lachaizepassioncommune.fr\/#\/schema\/logo\/image\/\",\"url\":\"https:\/\/lachaizepassioncommune.fr\/wp-content\/uploads\/2025\/09\/LaChaizePassionCommune-Logo-web.png\",\"contentUrl\":\"https:\/\/lachaizepassioncommune.fr\/wp-content\/uploads\/2025\/09\/LaChaizePassionCommune-Logo-web.png\",\"width\":240,\"height\":120,\"caption\":\"La Chaize, Passion commune\"},\"image\":{\"@id\":\"https:\/\/lachaizepassioncommune.fr\/#\/schema\/logo\/image\/\"}}]}<\/script>\n<!-- \/ Yoast SEO plugin. -->","yoast_head_json":{"title":"Venez \u00e0 notre rencontre - La Chaize - Passion Commune","description":"Venez \u00e0 notre rencontre lors des caf\u00e9 campagne ! Nous nous d\u00e9pla\u00e7ons dans chaque quartier de notre belle commune de La Chaize-le-Vicomte !","robots":{"index":"index","follow":"follow","max-snippet":"max-snippet:-1","max-image-preview":"max-image-preview:large","max-video-preview":"max-video-preview:-1"},"canonical":"https:\/\/lachaizepassioncommune.fr\/index.php\/venez-a-notre-rencontre\/","og_locale":"fr_FR","og_type":"article","og_title":"Venez \u00e0 notre rencontre - La Chaize - Passion Commune","og_description":"Venez \u00e0 notre rencontre lors des caf\u00e9 campagne ! Nous nous d\u00e9pla\u00e7ons dans chaque quartier de notre belle commune de La Chaize-le-Vicomte !","og_url":"https:\/\/lachaizepassioncommune.fr\/index.php\/venez-a-notre-rencontre\/","og_site_name":"La Chaize - Passion Commune","article_modified_time":"2025-09-07T11:09:16+00:00","og_image":[{"width":1500,"height":800,"url":"http:\/\/lachaizepassioncommune.fr\/wp-content\/uploads\/2025\/09\/slider-web-lachaizepassioncommune.png","type":"image\/png"}],"twitter_card":"summary_large_image","schema":{"@context":"https:\/\/schema.org","@graph":[{"@type":"WebPage","@id":"https:\/\/lachaizepassioncommune.fr\/index.php\/venez-a-notre-rencontre\/","url":"https:\/\/lachaizepassioncommune.fr\/index.php\/venez-a-notre-rencontre\/","name":"Venez \u00e0 notre rencontre - La Chaize - Passion Commune","isPartOf":{"@id":"https:\/\/lachaizepassioncommune.fr\/#website"},"primaryImageOfPage":{"@id":"https:\/\/lachaizepassioncommune.fr\/index.php\/venez-a-notre-rencontre\/#primaryimage"},"image":{"@id":"https:\/\/lachaizepassioncommune.fr\/index.php\/venez-a-notre-rencontre\/#primaryimage"},"thumbnailUrl":"https:\/\/lachaizepassioncommune.fr\/wp-content\/uploads\/2025\/09\/slider-web-lachaizepassioncommune.png","datePublished":"2025-07-29T11:26:29+00:00","dateModified":"2025-09-07T11:09:16+00:00","description":"Venez \u00e0 notre rencontre lors des caf\u00e9 campagne ! Nous nous d\u00e9pla\u00e7ons dans chaque quartier de notre belle commune de La Chaize-le-Vicomte !","breadcrumb":{"@id":"https:\/\/lachaizepassioncommune.fr\/index.php\/venez-a-notre-rencontre\/#breadcrumb"},"inLanguage":"fr-FR","potentialAction":[{"@type":"ReadAction","target":["https:\/\/lachaizepassioncommune.fr\/index.php\/venez-a-notre-rencontre\/"]}]},{"@type":"BreadcrumbList","@id":"https:\/\/lachaizepassioncommune.fr\/index.php\/venez-a-notre-rencontre\/#breadcrumb","itemListElement":[{"@type":"ListItem","position":1,"name":"Accueil","item":"https:\/\/lachaizepassioncommune.fr\/"},{"@type":"ListItem","position":2,"name":"Venez \u00e0 notre rencontre"}]},{"@type":"WebSite","@id":"https:\/\/lachaizepassioncommune.fr\/#website","url":"https:\/\/lachaizepassioncommune.fr\/","name":"La Chaize, Passion commune","description":"\u00c9lections municipales - 15\u00a0mars\u00a02026","publisher":{"@id":"https:\/\/lachaizepassioncommune.fr\/#organization"},"potentialAction":[{"@type":"SearchAction","target":{"@type":"EntryPoint","urlTemplate":"https:\/\/lachaizepassioncommune.fr\/?s={search_term_string}"},"query-input":{"@type":"PropertyValueSpecification","valueRequired":true,"valueName":"search_term_string"}}],"inLanguage":"fr-FR"},{"@type":"Organization","@id":"https:\/\/lachaizepassioncommune.fr\/#organization","name":"La Chaize, Passion commune","url":"https:\/\/lachaizepassioncommune.fr\/","logo":{"@type":"ImageObject","inLanguage":"fr-FR","@id":"https:\/\/lachaizepassioncommune.fr\/#\/schema\/logo\/image\/","url":"https:\/\/lachaizepassioncommune.fr\/wp-content\/uploads\/2025\/09\/LaChaizePassionCommune-Logo-web.png","contentUrl":"https:\/\/lachaizepassioncommune.fr\/wp-content\/uploads\/2025\/09\/LaChaizePassionCommune-Logo-web.png","width":240,"height":120,"caption":"La Chaize, Passion commune"},"image":{"@id":"https:\/\/lachaizepassioncommune.fr\/#\/schema\/logo\/image\/"}}]}},"_links":{"self":[{"href":"https:\/\/lachaizepassioncommune.fr\/index.php\/wp-json\/wp\/v2\/pages\/311","targetHints":{"allow":["GET"]}}],"collection":[{"href":"https:\/\/lachaizepassioncommune.fr\/index.php\/wp-json\/wp\/v2\/pages"}],"about":[{"href":"https:\/\/lachaizepassioncommune.fr\/index.php\/wp-json\/wp\/v2\/types\/page"}],"author":[{"embeddable":true,"href":"https:\/\/lachaizepassioncommune.fr\/index.php\/wp-json\/wp\/v2\/users\/1"}],"replies":[{"embeddable":true,"href":"https:\/\/lachaizepassioncommune.fr\/index.php\/wp-json\/wp\/v2\/comments?post=311"}],"version-history":[{"count":3,"href":"https:\/\/lachaizepassioncommune.fr\/index.php\/wp-json\/wp\/v2\/pages\/311\/revisions"}],"predecessor-version":[{"id":387,"href":"https:\/\/lachaizepassioncommune.fr\/index.php\/wp-json\/wp\/v2\/pages\/311\/revisions\/387"}],"wp:featuredmedia":[{"embeddable":true,"href":"https:\/\/lachaizepassioncommune.fr\/index.php\/wp-json\/wp\/v2\/media\/383"}],"wp:attachment":[{"href":"https:\/\/lachaizepassioncommune.fr\/index.php\/wp-json\/wp\/v2\/media?parent=311"}],"curies":[{"name":"wp","href":"https:\/\/api.w.org\/{rel}","templated":true}]}}